{"id":42,"date":"2016-10-20T00:01:25","date_gmt":"2016-10-20T00:01:25","guid":{"rendered":"https:\/\/investigacion.politicas.unam.mx\/ras\/?page_id=42"},"modified":"2024-08-21T20:09:38","modified_gmt":"2024-08-21T20:09:38","slug":"presentacion","status":"publish","type":"page","link":"https:\/\/investigacion.politicas.unam.mx\/ras\/index.php\/presentacion\/","title":{"rendered":"Presentaci\u00f3n"},"content":{"rendered":"<p style=\"text-align: justify;\">ACTA SOCIOL\u00d3GICA es un foro plural, abierto a la exposici\u00f3n y el debate de una amplia gama de\u00a0problem\u00e1ticas, temas y enfoques te\u00f3rico-metodol\u00f3gicos concernientes al estudio de lo social. La revista se publica de forma cuatrimestral e incluye art\u00edculos y ensayos in\u00e9ditos que son resultados o avances de\u00a0investigaciones relacionadas con la sociolog\u00eda, en particular, y las ciencias sociales, en general.<\/p>\n<p style=\"text-align: justify;\">\u00a0\u00a0\u00a0\u00a0\u00a0 Para ser incluidos en la publicaci\u00f3n, es necesario que los trabajos se encuentren libres de compromisos editoriales con cualquier otra \u00a0revista u \u00f3rgano editorial. Cada contribuci\u00f3n ser\u00e1 sometida a evaluaci\u00f3n tipo doble ciego por acad\u00e9micos especializados en la tem\u00e1tica que sea presentada. El fallo de los dictaminadores ser\u00e1 inapelable y determinar\u00e1 la aceptaci\u00f3n o rechazo de las propuestas. El Consejo Editorial de la revista acordar\u00e1 el n\u00famero en que aparecer\u00e1n los textos que resulten aprobados.<\/p>\n","protected":false},"excerpt":{"rendered":"<div class=\"mh-excerpt\"><p>ACTA SOCIOL\u00d3GICA es un foro plural, abierto a la exposici\u00f3n y el debate de una amplia gama de\u00a0problem\u00e1ticas, temas y enfoques te\u00f3rico-metodol\u00f3gicos concernientes al estudio <a class=\"mh-excerpt-more\" href=\"https:\/\/investigacion.politicas.unam.mx\/ras\/index.php\/presentacion\/\" title=\"Presentaci\u00f3n\">[&#8230;]<\/a><\/p>\n<\/div>","protected":false},"author":1,"featured_media":0,"parent":0,"menu_order":0,"comment_status":"closed","ping_status":"closed","template":"","meta":{"footnotes":""},"class_list":["post-42","page","type-page","status-publish","hentry"],"_links":{"self":[{"href":"https:\/\/investigacion.politicas.unam.mx\/ras\/index.php\/wp-json\/wp\/v2\/pages\/42","targetHints":{"allow":["GET"]}}],"collection":[{"href":"https:\/\/investigacion.politicas.unam.mx\/ras\/index.php\/wp-json\/wp\/v2\/pages"}],"about":[{"href":"https:\/\/investigacion.politicas.unam.mx\/ras\/index.php\/wp-json\/wp\/v2\/types\/page"}],"author":[{"embeddable":true,"href":"https:\/\/investigacion.politicas.unam.mx\/ras\/index.php\/wp-json\/wp\/v2\/users\/1"}],"replies":[{"embeddable":true,"href":"https:\/\/investigacion.politicas.unam.mx\/ras\/index.php\/wp-json\/wp\/v2\/comments?post=42"}],"version-history":[{"count":7,"href":"https:\/\/investigacion.politicas.unam.mx\/ras\/index.php\/wp-json\/wp\/v2\/pages\/42\/revisions"}],"predecessor-version":[{"id":2626,"href":"https:\/\/investigacion.politicas.unam.mx\/ras\/index.php\/wp-json\/wp\/v2\/pages\/42\/revisions\/2626"}],"wp:attachment":[{"href":"https:\/\/investigacion.politicas.unam.mx\/ras\/index.php\/wp-json\/wp\/v2\/media?parent=42"}],"curies":[{"name":"wp","href":"https:\/\/api.w.org\/{rel}","templated":true}]}}