{"id":14,"date":"2014-05-16T19:18:17","date_gmt":"2014-05-16T19:18:17","guid":{"rendered":"https:\/\/investigacion.politicas.unam.mx\/revela\/?page_id=14"},"modified":"2015-01-15T20:41:17","modified_gmt":"2015-01-15T20:41:17","slug":"presentacion","status":"publish","type":"page","link":"https:\/\/investigacion.politicas.unam.mx\/revela\/presentacion\/","title":{"rendered":"Presentaci\u00f3n"},"content":{"rendered":"<p style=\"text-align: justify;\">La revista Estudios Latinoamericanos del Centro de Estudios Latinoamericanos (CELA) de la Facultad de Ciencias Pol\u00edticas y Sociales de la UNAM es una publicaci\u00f3n semestral que tiene como objetivo principal contribuir de manera colectiva a la reflexi\u00f3n, al intercambio acad\u00e9mico y al debate te\u00f3rico conceptual que sobre Am\u00e9rica Latina se realiza en la actualidad, en los \u00e1mbitos socio-pol\u00edtico, econ\u00f3mico y cultural.<\/p>\n<p style=\"text-align: justify;\">La revista intenta dar cuenta de la particularidad de Am\u00e9rica Latina en los procesos actuales de transformaci\u00f3n mundial, as\u00ed como de las principales tendencias de reformulaci\u00f3n de un conocimiento propio de la regi\u00f3n y de su interacci\u00f3n con el mundo, desde una perspectiva multi e interdisciplinaria y con un enfoque cr\u00edtico y prospectivo.<\/p>\n<p style=\"text-align: justify;\">Los trabajos presentados en la revista son esencialmente producto de investigaciones originales e in\u00e9ditas. Incluye las secciones de: art\u00edculos (divididas en Horizontes te\u00f3ricos, A debate y procesos y tendencias), eventualmente testimonios y rese\u00f1as. Nuestra publicaci\u00f3n incluye res\u00famenes en espa\u00f1ol, ingl\u00e9s y portugu\u00e9s.<\/p>\n<p style=\"text-align: center;\">\nDirectora de la Revista\u00a0Dra. M\u00e1rgara Mill\u00e1n Moncayo<\/p>\n<p style=\"text-align: center;\">Suscripciones:<br \/>\nCoordinaci\u00f3n de Extensi\u00f3n Universitaria, Departamento de Publicaciones\/FCPyS\/UNAM<br \/>\nEdificio G, Planta Baja, Circuito Cultural Mario de la Cueva s\/n, Ciudad Universitaria, Coyoac\u00e1n<\/p>\n","protected":false},"excerpt":{"rendered":"<p>La revista Estudios Latinoamericanos del Centro de Estudios Latinoamericanos (CELA) de la Facultad de Ciencias Pol\u00edticas y Sociales de la UNAM es una publicaci\u00f3n semestral que tiene como objetivo principal contribuir de manera colectiva a la reflexi\u00f3n, al intercambio acad\u00e9mico &hellip; <a href=\"https:\/\/investigacion.politicas.unam.mx\/revela\/presentacion\/\">Sigue leyendo <span class=\"meta-nav\">&rarr;<\/span><\/a><\/p>\n","protected":false},"author":1,"featured_media":0,"parent":0,"menu_order":0,"comment_status":"closed","ping_status":"closed","template":"","meta":{"footnotes":""},"class_list":["post-14","page","type-page","status-publish","hentry"],"_links":{"self":[{"href":"https:\/\/investigacion.politicas.unam.mx\/revela\/wp-json\/wp\/v2\/pages\/14","targetHints":{"allow":["GET"]}}],"collection":[{"href":"https:\/\/investigacion.politicas.unam.mx\/revela\/wp-json\/wp\/v2\/pages"}],"about":[{"href":"https:\/\/investigacion.politicas.unam.mx\/revela\/wp-json\/wp\/v2\/types\/page"}],"author":[{"embeddable":true,"href":"https:\/\/investigacion.politicas.unam.mx\/revela\/wp-json\/wp\/v2\/users\/1"}],"replies":[{"embeddable":true,"href":"https:\/\/investigacion.politicas.unam.mx\/revela\/wp-json\/wp\/v2\/comments?post=14"}],"version-history":[{"count":11,"href":"https:\/\/investigacion.politicas.unam.mx\/revela\/wp-json\/wp\/v2\/pages\/14\/revisions"}],"predecessor-version":[{"id":1353,"href":"https:\/\/investigacion.politicas.unam.mx\/revela\/wp-json\/wp\/v2\/pages\/14\/revisions\/1353"}],"wp:attachment":[{"href":"https:\/\/investigacion.politicas.unam.mx\/revela\/wp-json\/wp\/v2\/media?parent=14"}],"curies":[{"name":"wp","href":"https:\/\/api.w.org\/{rel}","templated":true}]}}