{"id":73,"date":"2014-05-19T19:00:33","date_gmt":"2014-05-19T19:00:33","guid":{"rendered":"https:\/\/investigacion.politicas.unam.mx\/revela\/?page_id=73"},"modified":"2015-02-07T00:30:09","modified_gmt":"2015-02-07T00:30:09","slug":"acerca-de","status":"publish","type":"page","link":"https:\/\/investigacion.politicas.unam.mx\/revela\/acerca-de\/","title":{"rendered":"Acerca de"},"content":{"rendered":"<p>Estudios Latinoamericanos es una publicaci\u00f3n semestral editada por la Facultad de Ciencias Pol\u00edticas y Sociales de la Universidad Nacional Aut\u00f3noma de M\u00e9xico.<\/p>\n<p>Direcci\u00f3n: Circuito Cultural Mario de la Cueva s\/n. Ciudad Universitaria, C.P.04510. Delegaci\u00f3n Coyoac\u00e1n D.F.<\/p>\n<p>Editora responsable: Gloria Carrillo Serrato. Tel .:56229417. Fax 5622 9427. Correo electr\u00f3nico:\u00a0estudioslatinoamericanos@politicas.unam.mx<\/p>\n<p>Gesti\u00f3n del sitio web: Jos\u00e9 Luis Huerta Silva.\u00a0Correo electr\u00f3nico: jlhuerta@politicas.unam.mx<\/p>\n<p>Dise\u00f1o: LDCV Hugo Olivares Cornejo y Jos\u00e9 Luis Huerta<\/p>\n<p>&nbsp;<\/p>\n","protected":false},"excerpt":{"rendered":"<p>Estudios Latinoamericanos es una publicaci\u00f3n semestral editada por la Facultad de Ciencias Pol\u00edticas y Sociales de la Universidad Nacional Aut\u00f3noma de M\u00e9xico. Direcci\u00f3n: Circuito Cultural Mario de la Cueva s\/n. Ciudad Universitaria, C.P.04510. Delegaci\u00f3n Coyoac\u00e1n D.F. Editora responsable: Gloria Carrillo &hellip; <a href=\"https:\/\/investigacion.politicas.unam.mx\/revela\/acerca-de\/\">Sigue leyendo <span class=\"meta-nav\">&rarr;<\/span><\/a><\/p>\n","protected":false},"author":1,"featured_media":0,"parent":0,"menu_order":0,"comment_status":"closed","ping_status":"closed","template":"","meta":{"footnotes":""},"class_list":["post-73","page","type-page","status-publish","hentry"],"_links":{"self":[{"href":"https:\/\/investigacion.politicas.unam.mx\/revela\/wp-json\/wp\/v2\/pages\/73","targetHints":{"allow":["GET"]}}],"collection":[{"href":"https:\/\/investigacion.politicas.unam.mx\/revela\/wp-json\/wp\/v2\/pages"}],"about":[{"href":"https:\/\/investigacion.politicas.unam.mx\/revela\/wp-json\/wp\/v2\/types\/page"}],"author":[{"embeddable":true,"href":"https:\/\/investigacion.politicas.unam.mx\/revela\/wp-json\/wp\/v2\/users\/1"}],"replies":[{"embeddable":true,"href":"https:\/\/investigacion.politicas.unam.mx\/revela\/wp-json\/wp\/v2\/comments?post=73"}],"version-history":[{"count":5,"href":"https:\/\/investigacion.politicas.unam.mx\/revela\/wp-json\/wp\/v2\/pages\/73\/revisions"}],"predecessor-version":[{"id":1404,"href":"https:\/\/investigacion.politicas.unam.mx\/revela\/wp-json\/wp\/v2\/pages\/73\/revisions\/1404"}],"wp:attachment":[{"href":"https:\/\/investigacion.politicas.unam.mx\/revela\/wp-json\/wp\/v2\/media?parent=73"}],"curies":[{"name":"wp","href":"https:\/\/api.w.org\/{rel}","templated":true}]}}